{"id":2525,"date":"2017-06-14T08:30:59","date_gmt":"2017-06-14T08:30:59","guid":{"rendered":"https:\/\/tvx.acm.org\/2017\/?page_id=2525"},"modified":"2017-06-14T08:30:59","modified_gmt":"2017-06-14T08:30:59","slug":"proceedings","status":"publish","type":"page","link":"https:\/\/tvx.acm.org\/2017\/program-2\/proceedings\/","title":{"rendered":"Proceedings"},"content":{"rendered":"<section class=\"av_textblock_section\"  itemscope=\"itemscope\" itemtype=\"https:\/\/schema.org\/CreativeWork\" ><div class='avia_textblock '   itemprop=\"text\" ><h1>Proceedings<\/h1>\n<p>All contributions to TVX proceedings are now online!<\/p>\n<p>The content is organized as follows:<\/p>\n<ul>\n<li>Full papers and notes as well as workshop abstracts are available in the <a href=\"http:\/\/dl.acm.org\/citation.cfm?id=3077548\">Proceedings of the 2017 ACM International Conference on Interactive Experiences for TV and Online Video<\/a><\/li>\n<li>Work-in-Progress, Demo and Doctoral Consortium contributions are available in the\u00a0<a href=\"http:\/\/dl.acm.org\/citation.cfm?id=3084289\">Adjunct Publication of the 2017 ACM International Conference on Interactive Experiences for TV and Online Video<\/a><\/li>\n<li>Workshop papers and TVX-in-Industry contributions are published in the <a href=\"https:\/\/figshare.com\/s\/162be967a76813833a52\">TVX 2017 Adjunct Proceedings<\/a><\/li>\n<\/ul>\n<p>Please find below the table of contents of the proceedings, with direct links to the different conference contributions.\u00a0The links \u00a0have been encoded to allow open access to all the articles\u00a0for one year.<\/p>\n<\/div><\/section>\n<div  class='hr hr-default '><span class='hr-inner ' ><span class='hr-inner-style'><\/span><\/span><\/div>\n<section class=\"av_textblock_section\"  itemscope=\"itemscope\" itemtype=\"https:\/\/schema.org\/CreativeWork\" ><div class='avia_textblock '   itemprop=\"text\" ><h2>TVX &#8217;17- Proceedings of the 2017 ACM International Conference on Interactive Experiences for TV and Online Video<\/h2>\n<p><a class=\"DLcitLink\" title=\"Go to the ACM Digital Library for additional information about this proceeding\" href=\"\/\/dl.acm.org\/citation.cfm?id=3077548\"><img loading=\"lazy\" decoding=\"async\" class=\"DLlogo\" src=\"\/\/dl.acm.org\/img\/dllogo.png\" alt=\"Digital Library logo\" width=\"30\" height=\"30\" \/>Full Citation in the ACM Digital Library<\/a><\/p>\n<div id=\"DLtoc\">\n<div id=\"DLheader\"><\/div>\n<div id=\"DLcontent\">\n<h3><\/h3>\n<h3>SESSION: Opening Keynote Address<\/h3>\n<p><a class=\"DLtitleLink\" title=\"Get the Full Text from the ACM Digital Library\" href=\"\/\/dl.acm.org\/authorize?N39912\">&#8216;Here&#8217;s Looking At You, Kid&#8217;: Interactive Entertainment In The Age Of Machine-Readable Humans<\/a><\/p>\n<ul class=\"DLauthors\">\n<li class=\"nameList Last\">Wijnand IJsselsteijn<\/li>\n<\/ul>\n<h3><\/h3>\n<h3>SESSION: User Consumption Pattern<\/h3>\n<p><a class=\"DLtitleLink\" title=\"Get the Full Text from the ACM Digital Library\" href=\"\/\/dl.acm.org\/authorize?N39913\">Media Multitasking at Home: A Video Observation Study of Concurrent TV and Mobile Device Usage<\/a><\/p>\n<ul class=\"DLauthors\">\n<li class=\"nameList First\">Jacob M. Rigby, Duncan P. Brumby, Sandy J.J. Gould, Anna L. Cox<\/li>\n<\/ul>\n<p><a class=\"DLtitleLink\" title=\"Get the Full Text from the ACM Digital Library\" href=\"\/\/dl.acm.org\/authorize?N39914\">How People Multitask While Watching TV<\/a><\/p>\n<ul class=\"DLauthors\">\n<li class=\"nameList First\">Auriana Shokrpour, Michael J. Darnell<\/li>\n<\/ul>\n<p><a class=\"DLtitleLink\" title=\"Get the Full Text from the ACM Digital Library\" href=\"\/\/dl.acm.org\/authorize?N39925\">Countering Contextual Bias in TV Watching Behavior: Introducing Social Trend as External Contextual Factor in TV Recommenders<\/a><\/p>\n<ul class=\"DLauthors\">\n<li class=\"nameList First\">Felix Lorenz, Jing Yuan, Andreas Lommatzsch, Mu Mu, Nicholas Race, Frank Hopfgartner, Sahin Albayrak<\/li>\n<\/ul>\n<p><a class=\"DLtitleLink\" title=\"Get the Full Text from the ACM Digital Library\" href=\"\/\/dl.acm.org\/authorize?N39926\">How Millennials and Teens Consume Mobile Video<\/a><\/p>\n<ul class=\"DLauthors\">\n<li class=\"nameList First\">Jennifer McNally, Beth Harrington<\/li>\n<\/ul>\n<h3><\/h3>\n<h3>SESSION: The Role of the Audience<\/h3>\n<p><a class=\"DLtitleLink\" title=\"Get the Full Text from the ACM Digital Library\" href=\"\/\/dl.acm.org\/authorize?N39927\">The Social Construction of Targeted Television Advertising: The Importance of &#8220;Social Arrangements&#8221; in the Development of Targeted Television Advertising in Flanders<\/a><\/p>\n<ul class=\"DLauthors\">\n<li class=\"nameList First\">Iris Jennes, Wendy Van den Broeck<\/li>\n<\/ul>\n<p><a class=\"DLtitleLink\" title=\"Get the Full Text from the ACM Digital Library\" href=\"\/\/dl.acm.org\/authorize?N39928\">Let&#8217;s Play My Way: Investigating Audience Influence in User-Generated Gaming Live-Streams<\/a><\/p>\n<ul class=\"DLauthors\">\n<li class=\"nameList First\">Pascal Lessel, Michael Mauderer, Christian Wolff, Antonio Kr\u00fcger<\/li>\n<\/ul>\n<h3><\/h3>\n<h3>SESSION: Panoramic Video and Virtual Reality<\/h3>\n<p><a class=\"DLtitleLink\" title=\"Get the Full Text from the ACM Digital Library\" href=\"\/\/dl.acm.org\/authorize?N39929\">User Experience of Panoramic Video in CAVE-like and Head Mounted Display Viewing Conditions<\/a><\/p>\n<ul class=\"DLauthors\">\n<li class=\"nameList First\">Adam Philpot, Maxine Glancy, Peter J. Passmore, Andrew Wood, Bob Fields<\/li>\n<\/ul>\n<p><a class=\"DLtitleLink\" title=\"Get the Full Text from the ACM Digital Library\" href=\"\/\/dl.acm.org\/authorize?N39920\">Integrating Mid-Air Haptics into Movie Experiences<\/a><\/p>\n<ul class=\"DLauthors\">\n<li class=\"nameList First\">Damien Ablart, Carlos Velasco, Marianna Obrist<\/li>\n<\/ul>\n<p><a class=\"DLtitleLink\" title=\"Get the Full Text from the ACM Digital Library\" href=\"\/\/dl.acm.org\/authorize?N39921\">Project Orpheus A Research Study into 360\u00b0 Cinematic VR<\/a><\/p>\n<ul class=\"DLauthors\">\n<li class=\"nameList First\">Mirjam Vosmeer, Ben Schouten<\/li>\n<\/ul>\n<h3><\/h3>\n<h3>SESSION: Secondary Content and Companion Screen<\/h3>\n<p><a class=\"DLtitleLink\" title=\"Get the Full Text from the ACM Digital Library\" href=\"\/\/dl.acm.org\/authorize?N39922\">Enhancing Interaction with Dual-Screen Television Through Display Commonalities<\/a><\/p>\n<ul class=\"DLauthors\">\n<li class=\"nameList First\">Timothy Neate, Michael Evans, Matt Jones<\/li>\n<\/ul>\n<p><a class=\"DLtitleLink\" title=\"Get the Full Text from the ACM Digital Library\" href=\"\/\/dl.acm.org\/authorize?N39923\">On Time or Not on Time: A User Study on Delays in a Synchronised Companion-Screen Experience<\/a><\/p>\n<ul class=\"DLauthors\">\n<li class=\"nameList First\">Christoph Ziegler, Christian Keimel, Rajiv Ramdhany, Vinoba Vinayagamoorthy<\/li>\n<\/ul>\n<p><a class=\"DLtitleLink\" title=\"Get the Full Text from the ACM Digital Library\" href=\"\/\/dl.acm.org\/authorize?N39924\">Don&#8217;t Leave: Combining Sensing Technology and Second Screens to Enhance the User Experience with TV Content<\/a><\/p>\n<ul class=\"DLauthors\">\n<li class=\"nameList First\">Daniela Huber, Daniel Buschek, Florian Alt<\/li>\n<\/ul>\n<p><a class=\"DLtitleLink\" title=\"Get the Full Text from the ACM Digital Library\" href=\"\/\/dl.acm.org\/authorize?N39935\">Understanding Secondary Content Practices for Television Viewing<\/a><\/p>\n<ul class=\"DLauthors\">\n<li class=\"nameList Last\">Frank R. Bentley<\/li>\n<\/ul>\n<h3><\/h3>\n<h3>SESSION: Closing Keynote Address<\/h3>\n<p><a class=\"DLtitleLink\" title=\"Get the Full Text from the ACM Digital Library\" href=\"\/\/dl.acm.org\/authorize?N39936\">Virtual Reality and the Future of Immersive Entertainment<\/a><\/p>\n<ul class=\"DLauthors\">\n<li class=\"nameList Last\">Arthur van Hoff<\/li>\n<\/ul>\n<h3><\/h3>\n<h3>WORKSHOP SESSION: Workshop Summaries<\/h3>\n<p><a class=\"DLtitleLink\" title=\"Get the Full Text from the ACM Digital Library\" href=\"\/\/dl.acm.org\/authorize?N39937\">Emerging TV Experiences: How VR, Voice, and Emerging Audiences Have Changed the TV Landscape<\/a><\/p>\n<ul class=\"DLauthors\">\n<li class=\"nameList First\">Isha Dandavate, Kerwell Liao, Lettie Malan, Nibha Jain<\/li>\n<\/ul>\n<p><a class=\"DLtitleLink\" title=\"Get the Full Text from the ACM Digital Library\" href=\"\/\/dl.acm.org\/authorize?N39938\">Converging User-Generated Material with Professional Video User Experiences<\/a><\/p>\n<ul class=\"DLauthors\">\n<li class=\"nameList First\">Michael Evans, George Margetis, Stavroula Ntoa, Rajitha Weerakkody<\/li>\n<\/ul>\n<p><a class=\"DLtitleLink\" title=\"Get the Full Text from the ACM Digital Library\" href=\"\/\/dl.acm.org\/authorize?N39939\">Workshop on Interactive Digital Storytelling in Broadcasting Environment<\/a><\/p>\n<ul class=\"DLauthors\">\n<li class=\"nameList First\">Sebastian Arndt, Veli-Pekka R\u00e4ty, Wendy Ann Mansilla, Francisco Ibanez, Scott Davies, Andrew Perkis<\/li>\n<\/ul>\n<p><a class=\"DLtitleLink\" title=\"Get the Full Text from the ACM Digital Library\" href=\"\/\/dl.acm.org\/authorize?N39930\">In-Programme Personalization for Broadcast: IPP4B<\/a><\/p>\n<ul class=\"DLauthors\">\n<li class=\"nameList First\">Jeremy Foss, Ben Shirley, Benedita Malheiro, Sara Kepplinger, Alexandre Ulisses, Mike Armstrong<\/li>\n<\/ul>\n<p><a class=\"DLtitleLink\" title=\"Get the Full Text from the ACM Digital Library\" href=\"\/\/dl.acm.org\/authorize?N39931\">ACM TVX Asia Forum 2017: A Brand New Game of Online Digital Marketing in Asia<\/a><\/p>\n<ul class=\"DLauthors\">\n<li class=\"nameList First\">Hokyoung Ryu, Jieun Kim, Shuichi Aoki, Donghun Chung<\/li>\n<\/ul>\n<\/div>\n<\/div>\n<\/div><\/section>\n<div  class='hr hr-default '><span class='hr-inner ' ><span class='hr-inner-style'><\/span><\/span><\/div>\n<section class=\"av_textblock_section\"  itemscope=\"itemscope\" itemtype=\"https:\/\/schema.org\/CreativeWork\" ><div class='avia_textblock '   itemprop=\"text\" ><div id=\"DLtoc\">\n<div id=\"DLheader\">\n<h2>TVX &#8217;17 Adjunct- Adjunct Publication of the 2017 ACM International Conference on Interactive Experiences for TV and Online Video<\/h2>\n<p><a class=\"DLcitLink\" title=\"Go to the ACM Digital Library for additional information about this proceeding\" href=\"\/\/dl.acm.org\/citation.cfm?id=3084289\"><img loading=\"lazy\" decoding=\"async\" class=\"DLlogo\" src=\"\/\/dl.acm.org\/img\/dllogo.png\" alt=\"Digital Library logo\" width=\"30\" height=\"30\" \/>Full Citation in the ACM Digital Library<\/a><\/p>\n<\/div>\n<div id=\"DLcontent\">\n<h3>SESSION: Works-in-Progress<\/h3>\n<p><a class=\"DLtitleLink\" title=\"Get the Full Text from the ACM Digital Library\" href=\"\/\/dl.acm.org\/authorize?N39094\">Work-in-Progress Track Chairs&#8217; Welcome<\/a><\/p>\n<ul class=\"DLauthors\">\n<li class=\"nameList First\">Mu Mu, Elena Fedorovskaya<\/li>\n<\/ul>\n<p><a class=\"DLtitleLink\" title=\"Get the Full Text from the ACM Digital Library\" href=\"\/\/dl.acm.org\/authorize?N39005\">Subtitles in 360-degree Video<\/a><\/p>\n<ul class=\"DLauthors\">\n<li class=\"nameList First\">Andy Brown, Jayson Turner, Jake Patterson, Anastasia Schmitz, Mike Armstrong, Maxine Glancy<\/li>\n<\/ul>\n<p><a class=\"DLtitleLink\" title=\"Get the Full Text from the ACM Digital Library\" href=\"\/\/dl.acm.org\/authorize?N39006\">User Research and Design for Live TV UX in China<\/a><\/p>\n<ul class=\"DLauthors\">\n<li class=\"nameList First\">Rui Zhang, Ye Deng, Lei Shi<\/li>\n<\/ul>\n<p><a class=\"DLtitleLink\" title=\"Get the Full Text from the ACM Digital Library\" href=\"\/\/dl.acm.org\/authorize?N39007\">HEd: A Flexible HbbTV WYSIWYG Visual Authoring Tool<\/a><\/p>\n<ul class=\"DLauthors\">\n<li class=\"nameList First\">Carlos Antonio Navarrete Puentes, Jos\u00e9 Tiberio Hern\u00e1ndez Pe\u00f1aloza<\/li>\n<\/ul>\n<p><a class=\"DLtitleLink\" title=\"Get the Full Text from the ACM Digital Library\" href=\"\/\/dl.acm.org\/authorize?N39008\">Investigating the Effect of Relative Time Delay on Companion Screen Experiences<\/a><\/p>\n<ul class=\"DLauthors\">\n<li class=\"nameList First\">Chua Wei Liang Kenny, Jacob M. Rigby, Duncan P. Brumby, Vinoba Vinayagamoorthy<\/li>\n<\/ul>\n<p><a class=\"DLtitleLink\" title=\"Get the Full Text from the ACM Digital Library\" href=\"\/\/dl.acm.org\/authorize?N39009\">A Middleware to Enable Immersive Multi-Device Online TV Experience<\/a><\/p>\n<ul class=\"DLauthors\">\n<li class=\"nameList First\">Hussein Ajam, Mu Mu<\/li>\n<\/ul>\n<p><a class=\"DLtitleLink\" title=\"Get the Full Text from the ACM Digital Library\" href=\"\/\/dl.acm.org\/authorize?N39000\">Beyond The Timeline a Data-Driven Interface For Interactive Documentary<\/a><\/p>\n<ul class=\"DLauthors\">\n<li class=\"nameList First\">Mirka Duijn, Hartmut Koenitz<\/li>\n<\/ul>\n<p><a class=\"DLtitleLink\" title=\"Get the Full Text from the ACM Digital Library\" href=\"\/\/dl.acm.org\/authorize?N39001\">Exploring Online Video Databases by Visual Navigation<\/a><\/p>\n<ul class=\"DLauthors\">\n<li class=\"nameList First\">Wolfgang H\u00fcrst, Bruno dos Santos Carvalhal<\/li>\n<\/ul>\n<p><a class=\"DLtitleLink\" title=\"Get the Full Text from the ACM Digital Library\" href=\"\/\/dl.acm.org\/authorize?N39002\">Mobile Devices and Professional Equipment Synergies for Sport Summary Production<\/a><\/p>\n<ul class=\"DLauthors\">\n<li class=\"nameList First\">Sujeet Mate, Igor D.D. Curcio, Ranjeeth Shetty, Francesco Cricri<\/li>\n<\/ul>\n<p><a class=\"DLtitleLink\" title=\"Get the Full Text from the ACM Digital Library\" href=\"\/\/dl.acm.org\/authorize?N39003\">Enhancing Use of Social Media in TV Broadcasting<\/a><\/p>\n<ul class=\"DLauthors\">\n<li class=\"nameList First\">Sebastian Arndt, Veli-Pekka R\u00e4ty, Taco Nieuwenhuis, Christian Keimel, Francisco Ib\u00e1\u00f1ez, Andrew Perkis<\/li>\n<\/ul>\n<p><a class=\"DLtitleLink\" title=\"Get the Full Text from the ACM Digital Library\" href=\"\/\/dl.acm.org\/authorize?N39004\">Multi-Screen Director: a New Role in the TV Production Workflow?<\/a><\/p>\n<ul class=\"DLauthors\">\n<li class=\"nameList First\">Britta Meixner, Maxine Glancy, Matt Rogers, Caroline Ward, Thomas R\u00f6ggla, Pablo Cesar<\/li>\n<\/ul>\n<h3><\/h3>\n<h3>DEMONSTRATION SESSION: Demonstrations<\/h3>\n<p><a class=\"DLtitleLink\" title=\"Get the Full Text from the ACM Digital Library\" href=\"\/\/dl.acm.org\/authorize?N39015\">Demo Chairs&#8217; Welcome<\/a><\/p>\n<ul class=\"DLauthors\">\n<li class=\"nameList First\">Andy Brown, Lucia D&#8217;Acunto<\/li>\n<\/ul>\n<p><a class=\"DLtitleLink\" title=\"Get the Full Text from the ACM Digital Library\" href=\"\/\/dl.acm.org\/authorize?N39016\">Scanning News Videos With An Interactive Filmstrip<\/a><\/p>\n<ul class=\"DLauthors\">\n<li class=\"nameList First\">Martin Prins, Joost de Wit<\/li>\n<\/ul>\n<p><a class=\"DLtitleLink\" title=\"Get the Full Text from the ACM Digital Library\" href=\"\/\/dl.acm.org\/authorize?N39017\">Multi-User Motion Matching Interaction for Interactive Television using Smartwatches<\/a><\/p>\n<ul class=\"DLauthors\">\n<li class=\"nameList First\">David Verweij, Vassilis-Javed Khan, Augusto Esteves, Saskia Bakker<\/li>\n<\/ul>\n<p><a class=\"DLtitleLink\" title=\"Get the Full Text from the ACM Digital Library\" href=\"\/\/dl.acm.org\/authorize?N39018\">Production and Delivery of Video for Multi-device Synchronized Playout<\/a><\/p>\n<ul class=\"DLauthors\">\n<li class=\"nameList First\">Juan A. N\u00fa\u00f1ez, Szymon Malewski, Sergi Fern\u00e1ndez, Joan Llobera<\/li>\n<\/ul>\n<p><a class=\"DLtitleLink\" title=\"Get the Full Text from the ACM Digital Library\" href=\"\/\/dl.acm.org\/authorize?N39019\">2-IMMERSE: A Platform for Orchestrated Multi-Screen Entertainment<\/a><\/p>\n<ul class=\"DLauthors\">\n<li class=\"nameList First\">Ian Kegel, James Walker, Mark Lomas, Jack Jansen, John Wyver<\/li>\n<\/ul>\n<p><a class=\"DLtitleLink\" title=\"Get the Full Text from the ACM Digital Library\" href=\"\/\/dl.acm.org\/authorize?N39010\">Tellybox: Nine Speculative Prototypes For Future TV<\/a><\/p>\n<ul class=\"DLauthors\">\n<li class=\"nameList First\">Libby Miller, Joanne Moore, Tim Cowlishaw, Henry Cooke, Anthony Onumonu, Kristian Hentschel, Tom Howe, Chris Needham, Sacha Sedriks, Richard Sewell<\/li>\n<\/ul>\n<p><a class=\"DLtitleLink\" title=\"Get the Full Text from the ACM Digital Library\" href=\"\/\/dl.acm.org\/authorize?N39011\">Movies in Mid-Air: One-Minute Movies Enhanced through Mid-Air Haptic Feedback<\/a><\/p>\n<ul class=\"DLauthors\">\n<li class=\"nameList First\">Damien Ablart, Carlos Velasco, Marianna Obrist<\/li>\n<\/ul>\n<p><a class=\"DLtitleLink\" title=\"Get the Full Text from the ACM Digital Library\" href=\"\/\/dl.acm.org\/authorize?N39012\">Edinburgh Festival Explorer Demo<\/a><\/p>\n<ul class=\"DLauthors\">\n<li class=\"nameList First\">Andrew Gibb, Sam Nicholson, Graham Thomas<\/li>\n<\/ul>\n<p><a class=\"DLtitleLink\" title=\"Get the Full Text from the ACM Digital Library\" href=\"\/\/dl.acm.org\/authorize?N39013\">Object-Based Production: A Personalised Interactive Cooking Application<\/a><\/p>\n<ul class=\"DLauthors\">\n<li class=\"nameList First\">Jasmine Cox, Rhianne Jones, Chris Northwood, Jonathan Tutcher, Ben Robinson<\/li>\n<\/ul>\n<p><a class=\"DLtitleLink\" title=\"Get the Full Text from the ACM Digital Library\" href=\"\/\/dl.acm.org\/authorize?N39014\">Web-based Platform for Subtitles Customization and Synchronization in Multi-Screen Scenarios<\/a><\/p>\n<ul class=\"DLauthors\">\n<li class=\"nameList First\">Mario Montagud, Fernando Boronat, Juan Gonz\u00e1lez, Javier Pastor<\/li>\n<\/ul>\n<p><a class=\"DLtitleLink\" title=\"Get the Full Text from the ACM Digital Library\" href=\"\/\/dl.acm.org\/authorize?N39025\">Social VR Platform: Building 360-degree Shared VR Spaces<\/a><\/p>\n<ul class=\"DLauthors\">\n<li class=\"nameList First\">Simon N.B. Gunkel, Martin Prins, Hans Stokking, Omar Niamut<\/li>\n<\/ul>\n<h3>SESSION: Doctoral Consortium<\/h3>\n<p><a class=\"DLtitleLink\" title=\"Get the Full Text from the ACM Digital Library\" href=\"\/\/dl.acm.org\/authorize?N39026\">Doctoral Consortium Chairs&#8217; Welcome<\/a><\/p>\n<ul class=\"DLauthors\">\n<li class=\"nameList First\">Ben Shirley, Satu Jumisko-Pyykk\u00f6<\/li>\n<\/ul>\n<p><a class=\"DLtitleLink\" title=\"Get the Full Text from the ACM Digital Library\" href=\"\/\/dl.acm.org\/authorize?N39027\">Effects of Camera Position on Perception of Self In 360 Degree Video and Virtual Environments<\/a><\/p>\n<ul class=\"DLauthors\">\n<li class=\"nameList Last\">Adam Philpot<\/li>\n<\/ul>\n<p><a class=\"DLtitleLink\" title=\"Get the Full Text from the ACM Digital Library\" href=\"\/\/dl.acm.org\/authorize?N39028\">Decoding Kashgar: Participatory Digital Heritage Making via Digital Online Interaction and Gamification<\/a><\/p>\n<ul class=\"DLauthors\">\n<li class=\"nameList Last\">Serdar Aydin<\/li>\n<\/ul>\n<p><a class=\"DLtitleLink\" title=\"Get the Full Text from the ACM Digital Library\" href=\"\/\/dl.acm.org\/authorize?N39029\">Recommending Personalized Informative Contents on iTV<\/a><\/p>\n<ul class=\"DLauthors\">\n<li class=\"nameList Last\">David Campelo<\/li>\n<\/ul>\n<p><a class=\"DLtitleLink\" title=\"Get the Full Text from the ACM Digital Library\" href=\"\/\/dl.acm.org\/authorize?N39020\">Accessible Broadcast Audio Personalisation for Hard of Hearing Listeners<\/a><\/p>\n<ul class=\"DLauthors\">\n<li class=\"nameList Last\">Lauren A. Ward<\/li>\n<\/ul>\n<p><a class=\"DLtitleLink\" title=\"Get the Full Text from the ACM Digital Library\" href=\"\/\/dl.acm.org\/authorize?N39021\">Integration of Touch and Taste with Interactive Media<\/a><\/p>\n<ul class=\"DLauthors\">\n<li class=\"nameList Last\">Damien Ablart<\/li>\n<\/ul>\n<p><a class=\"DLtitleLink\" title=\"Get the Full Text from the ACM Digital Library\" href=\"\/\/dl.acm.org\/authorize?N39022\">Enhancing Over-the-Top Video Streaming Quality with DASH Assisting Network Elements<\/a><\/p>\n<ul class=\"DLauthors\">\n<li class=\"nameList Last\">Jan Willem Kleinrouweler<\/li>\n<\/ul>\n<p><a class=\"DLtitleLink\" title=\"Get the Full Text from the ACM Digital Library\" href=\"\/\/dl.acm.org\/authorize?N39023\">TV Consumption Practices of Brazilian Young People<\/a><\/p>\n<ul class=\"DLauthors\">\n<li class=\"nameList Last\">Fernanda Chocron Miranda<\/li>\n<\/ul>\n<p><a class=\"DLtitleLink\" title=\"Get the Full Text from the ACM Digital Library\" href=\"\/\/dl.acm.org\/authorize?N39024\">Towards Behavior-oriented Quality of Experience Assessment for Online Video Services<\/a><\/p>\n<ul class=\"DLauthors\">\n<li class=\"nameList Last\">Werner Robitza<\/li>\n<\/ul>\n<p><a class=\"DLtitleLink\" title=\"Get the Full Text from the ACM Digital Library\" href=\"\/\/dl.acm.org\/authorize?N39035\">Streaming and Presentation Architectures for Extended Video Streams<\/a><\/p>\n<ul class=\"DLauthors\">\n<li class=\"nameList Last\">Emmanouil Potetsianakis<\/li>\n<\/ul>\n<\/div>\n<\/div>\n<\/div><\/section>\n<div  class='hr hr-default '><span class='hr-inner ' ><span class='hr-inner-style'><\/span><\/span><\/div>\n<section class=\"av_textblock_section\"  itemscope=\"itemscope\" itemtype=\"https:\/\/schema.org\/CreativeWork\" ><div class='avia_textblock '   itemprop=\"text\" ><div id=\"DLtoc\">\n<div id=\"DLheader\">\n<h2>TVX &#8217;17- Adjunct\u00a0Proceedings<\/h2>\n<p>The workshop proceedings are now available in Figshare at:<a href=\"https:\/\/figshare.com\/s\/162be967a76813833a52\">\u00a0https:\/\/figshare.com\/s\/162be967a76813833a52<\/a><\/p>\n<\/div>\n<div id=\"DLcontent\"><\/div>\n<\/div>\n<\/div><\/section>\n","protected":false},"excerpt":{"rendered":"","protected":false},"author":2,"featured_media":0,"parent":2388,"menu_order":0,"comment_status":"closed","ping_status":"closed","template":"","meta":{"footnotes":""},"class_list":["post-2525","page","type-page","status-publish","hentry"],"_links":{"self":[{"href":"https:\/\/tvx.acm.org\/2017\/wp-json\/wp\/v2\/pages\/2525","targetHints":{"allow":["GET"]}}],"collection":[{"href":"https:\/\/tvx.acm.org\/2017\/wp-json\/wp\/v2\/pages"}],"about":[{"href":"https:\/\/tvx.acm.org\/2017\/wp-json\/wp\/v2\/types\/page"}],"author":[{"embeddable":true,"href":"https:\/\/tvx.acm.org\/2017\/wp-json\/wp\/v2\/users\/2"}],"replies":[{"embeddable":true,"href":"https:\/\/tvx.acm.org\/2017\/wp-json\/wp\/v2\/comments?post=2525"}],"version-history":[{"count":6,"href":"https:\/\/tvx.acm.org\/2017\/wp-json\/wp\/v2\/pages\/2525\/revisions"}],"predecessor-version":[{"id":2531,"href":"https:\/\/tvx.acm.org\/2017\/wp-json\/wp\/v2\/pages\/2525\/revisions\/2531"}],"up":[{"embeddable":true,"href":"https:\/\/tvx.acm.org\/2017\/wp-json\/wp\/v2\/pages\/2388"}],"wp:attachment":[{"href":"https:\/\/tvx.acm.org\/2017\/wp-json\/wp\/v2\/media?parent=2525"}],"curies":[{"name":"wp","href":"https:\/\/api.w.org\/{rel}","templated":true}]}}